{"id":997,"date":"2020-03-12T10:37:40","date_gmt":"2020-03-12T09:37:40","guid":{"rendered":"https:\/\/www.dbrady.at\/raetiae\/?page_id=997"},"modified":"2021-01-13T14:55:41","modified_gmt":"2021-01-13T13:55:41","slug":"impressum","status":"publish","type":"page","link":"https:\/\/www.raetia.net\/it\/impressum\/","title":{"rendered":"Impronta"},"content":{"rendered":"<h3 class=\"wp-block-heading\">Inhaber und zust\u00e4ndig f\u00fcr alle Inhalte<\/h3>\n\n\n\n<p><strong>Kulturverein arcus raetiae EO<\/strong><br> Plawenn 1<br> 39024 Mals im Vinschgau<br> S\u00fcdtirol \u2013 Italien<br> St-ID IT91030040215<\/p>\n\n\n\n<p><a href=\"mailto:info@raetia.net\">info@raetia.net\n335 220789<\/a> <br> Tel +39 335 220789 <br> <a href=\"http:\/\/www.raetia.net\/it\/\">www.raetia.net<\/a> <\/p>\n\n\n\n<p><strong>Bankverbindung: <\/strong><br>S\u00fcdtiroler Sparkasse, Mals<br>IBAN: IT85 B060 4558 5400 0000 5002287<br>BIC: CRBZIT2B027<\/p>\n\n\n\n<h3 class=\"wp-block-heading\">Webdesign<\/h3>\n\n\n\n<p>Doris\nMiyung Brady<\/p>\n\n\n\n<h3 class=\"wp-block-heading\">Bildarchiv<\/h3>\n\n\n\n<p>arcus raetiae<br>Sabina Schebrak<br>Lothar Wiesweg<br>Konrad Me\u00dfner<\/p>\n\n\n\n<h3 class=\"wp-block-heading\">Haftung<\/h3>\n\n\n\n<p>Trotz sorgf\u00e4ltiger inhaltlicher Kontrolle \u00fcbernehmen wir keine Haftung f\u00fcr die Inhalte externer Links. <br>F\u00fcr den Inhalt der verlinkten Seiten sind ausschlie\u00dflich deren BetreiberInnen verantwortlich.<\/p>","protected":false},"excerpt":{"rendered":"","protected":false},"author":1,"featured_media":0,"parent":0,"menu_order":0,"comment_status":"closed","ping_status":"closed","template":"","meta":{"footnotes":""},"class_list":{"0":"post-997","1":"page","2":"type-page","3":"status-publish","5":"no-featured-image-padding"},"_links":{"self":[{"href":"https:\/\/www.raetia.net\/it\/wp-json\/wp\/v2\/pages\/997","targetHints":{"allow":["GET"]}}],"collection":[{"href":"https:\/\/www.raetia.net\/it\/wp-json\/wp\/v2\/pages"}],"about":[{"href":"https:\/\/www.raetia.net\/it\/wp-json\/wp\/v2\/types\/page"}],"author":[{"embeddable":true,"href":"https:\/\/www.raetia.net\/it\/wp-json\/wp\/v2\/users\/1"}],"replies":[{"embeddable":true,"href":"https:\/\/www.raetia.net\/it\/wp-json\/wp\/v2\/comments?post=997"}],"version-history":[{"count":9,"href":"https:\/\/www.raetia.net\/it\/wp-json\/wp\/v2\/pages\/997\/revisions"}],"predecessor-version":[{"id":1395,"href":"https:\/\/www.raetia.net\/it\/wp-json\/wp\/v2\/pages\/997\/revisions\/1395"}],"wp:attachment":[{"href":"https:\/\/www.raetia.net\/it\/wp-json\/wp\/v2\/media?parent=997"}],"curies":[{"name":"wp","href":"https:\/\/api.w.org\/{rel}","templated":true}]}}